{"id":95,"date":"2019-07-16T15:33:43","date_gmt":"2019-07-16T15:33:43","guid":{"rendered":"https:\/\/meermuziekindeklas-helmond.nl\/?page_id=95"},"modified":"2020-12-03T08:17:56","modified_gmt":"2020-12-03T08:17:56","slug":"scholen","status":"publish","type":"page","link":"https:\/\/meermuziekindeklas-helmond.nl\/?page_id=95","title":{"rendered":"Scholen"},"content":{"rendered":"\n<p>Muziekonderwijs krijgt vanaf 2021 een prominentere plek in het curriculum. Hiermee krijgen alle leerlingen meer muziek in de klas. De eerste stappen daarvoor hebben we al gezet. Allereerst op 20 november 2019, toen het muziekakkoord door alle Helmondse basisscholen en andere culturele partners is getekend. Daarnaast zijn de gesprekken op basisscholen in volle gang en wordt er per school een deelplan opgesteld. Elke school kan dit doen in eigen tempo en naar eigen behoefte.<\/p>\n\n\n\n<p>De eerste scholen zijn al gestart met het uitvoeren van hun Deelplan.&nbsp;&nbsp;<\/p>\n\n\n\n<div class=\"wp-block-columns has-2-columns is-layout-flex wp-container-core-columns-is-layout-9d6595d7 wp-block-columns-is-layout-flex\">\n<div class=\"wp-block-column is-layout-flow wp-block-column-is-layout-flow\">\n<figure class=\"wp-block-image\"><img loading=\"lazy\" decoding=\"async\" width=\"1024\" height=\"678\" src=\"https:\/\/meermuziekindeklas-helmond.nl\/wp-content\/uploads\/2019\/08\/DSC_0832-1024x678.jpg\" alt=\"\" class=\"wp-image-195\" srcset=\"https:\/\/meermuziekindeklas-helmond.nl\/wp-content\/uploads\/2019\/08\/DSC_0832-1024x678.jpg 1024w, https:\/\/meermuziekindeklas-helmond.nl\/wp-content\/uploads\/2019\/08\/DSC_0832-300x199.jpg 300w, https:\/\/meermuziekindeklas-helmond.nl\/wp-content\/uploads\/2019\/08\/DSC_0832-768x509.jpg 768w, https:\/\/meermuziekindeklas-helmond.nl\/wp-content\/uploads\/2019\/08\/DSC_0832-1631x1080.jpg 1631w\" sizes=\"auto, (max-width: 1024px) 100vw, 1024px\" \/><figcaption>Muziek educatieproject 2019 van Lambertus Concerten: De schouwburg in vuur en vlam.<\/figcaption><\/figure>\n<\/div>\n\n\n\n<div class=\"wp-block-column is-layout-flow wp-block-column-is-layout-flow\">\n<h5 class=\"wp-block-heading\">Planning<\/h5>\n\n\n\n<p>Wanneer je met je school aan de slag gaat met \u2018M\u00e9\u00e9r Muziek in de Klas\u2019, is de\u00a0eerste stap het invullen van het deelplan. In het deelplan omschrijft de school wat ze de komende drie jaar nodig heeft om de gestelde doelen te bereiken, welke bijdrage ze hierin z\u00e9lf kan doen en waar ondersteuning nodig is.<\/p>\n\n\n\n<h5 class=\"wp-block-heading\">Kosten<\/h5>\n\n\n\n<p>\u2013 School mag \u00e9\u00e9n keer per 3 jaar aanvragen<br>\u2013 Basis voor de aanvraag is een eigen bijdrage door de school van max \u20ac 3,45 per leerling<br>\u2013 School mag een hogere investering doen, maar dan telt voor de aanvraag dit maximumbedrag.<br>\u2013&nbsp;De ingezette eigen bijdrage wordt gematcht met twee keer deze bijdrage vanuit de Stichting&nbsp;M\u00e9\u00e9r&nbsp;Muziek in de Klas Helmond.<\/p>\n<\/div>\n<\/div>\n\n\n\n<h5 class=\"wp-block-heading\">Deelname<\/h5>\n\n\n\n<p>Een school mag \u00e9\u00e9n keer per 3 jaar een aanvraag doen bij Stichting\u00a0M\u00e9\u00e9r\u00a0Muziek in de Klas Helmond<a href=\"https:\/\/meermuziekindeklas-helmond.nl\/?page_id=95\">.<\/a>\u00a0Na acceptatie van de aanvraag ontvangt de school een toekenningsbrief waarin vermeld staat voor welk bedrag er een aanvraag is gedaan en waaraan dit geld besteed gaat worden. Tevens zal er na afloop van het project een verantwoording worden gevraagd voor het besteedde subsidie bedrag.<\/p>\n\n\n\n<h5 class=\"wp-block-heading\">Hulp<\/h5>\n\n\n\n<p>Elke school krijgt ondersteuning bij het opstellen van het deelplan en de verdere stappen in de subsidie aanvraag. Hiervoor worden g\u00e9\u00e9n kosten in rekening gebracht. Het tijdstip van de uitvoering van de deelplannen zal plaatsvinden in overleg met de school, afhankelijk van de wensen van de school. Dit zou in principe bijvoorbeeld ook pas over twee jaar kunnen zijn (of wanneer de regeling van de Impulsgelden afloopt). Neem voor meer informatie, vragen of inspiratie contact op met Kirsten Smeenk,\u00a0<a href=\"mailto:info@meermuziekindeklas-helmond.nl\">info@meermuziekindeklas-helmond.nl<\/a><\/p>\n\n\n\n<p><strong>Subsidievoorwaarden<\/strong><\/p>\n\n\n\n<p>De subsidieaanvraag zal rechtstreeks betrekking hebben op het coachen van leerkrachten, de aanschaf van&nbsp;materialen (instrumenten, lesmethode) en\/of activiteiten voor de kinderen die gelinkt zijn aan een cultuurplan (dus g\u00e9\u00e9n losse op zich zelf staande activiteiten). Indien er op school nog g\u00e9\u00e9n cultuurplan aanwezig is, zal cultuurcontact \/ kunstkwartier dit proces hier naar toe begeleiden. Dit om te zorgen voor een structurele inbedding in het curriculum.&nbsp;<\/p>\n\n\n\n<p>De subsidieaanvraag voldoet verder aan de volgende voorwaarden:&nbsp;<\/p>\n\n\n\n<ol class=\"wp-block-list\" type=\"a\"><li>de aanvrager heeft een visie op de verankering van muziek in het onderwijs. De aanvrager neemt het muziekprogramma op in het schoolwerkplan of schoolgids en in de begroting.&nbsp;<\/li><li>de doorgaande leerlijn muziek wordt als uitgangspunt genomen voor het muziekonderwijs onder schooltijd.&nbsp;<\/li><li>er is sprake van kennisdeling binnen de bestaande netwerken van het schoolbestuur en\/of met schoollocaties in de regio.<\/li><li>Losse projecten of delen daaruit worden alleen gehonoreerd indien ze aantoonbaar onderdeel uitmaken van de doorgaande leerlijn muziek.<\/li><\/ol>\n\n\n\n<h5 class=\"wp-block-heading\">Weigeringsgronden<\/h5>\n\n\n\n<p>Subsidie kan, geweigerd worden indien:<\/p>\n\n\n\n<p>a. een school reeds een subsidie op basis van deze regeling heeft ontvangen, binnen een periode van drie jaar;&nbsp;<br>b. de aanvraag niet voldoet aan de gestelde voorwaarden;&nbsp;<br>c.&nbsp;&nbsp;indien de gelden van het lopende jaar uitgeput zijn.<br>d. toewijzing gebeurt op volgorde van binnenkomst.&nbsp;<\/p>\n\n\n\n<h5 class=\"wp-block-heading\">Templates<\/h5>\n\n\n\n<p><a href=\"https:\/\/meermuziekindeklas-helmond.nl\/wp-content\/uploads\/2020\/12\/Deelplan_template.pdf\" target=\"_blank\" rel=\"noreferrer noopener\">Deelplan<\/a><\/p>\n\n\n\n<p><a href=\"https:\/\/meermuziekindeklas-helmond.nl\/wp-content\/uploads\/2020\/12\/Toekenning_template.pdf\" target=\"_blank\" rel=\"noreferrer noopener\">Toekenningsbrief<\/a><\/p>\n","protected":false},"excerpt":{"rendered":"<p>Muziekonderwijs krijgt vanaf 2021 een prominentere plek in het curriculum. Hiermee krijgen alle leerlingen meer muziek in de klas. De eerste stappen daarvoor hebben we al gezet. Allereerst op 20 november 2019, toen het muziekakkoord door alle Helmondse basisscholen en andere culturele partners is getekend. Daarnaast zijn de gesprekken op basisscholen in volle gang en&hellip; <br \/> <a class=\"read-more\" href=\"https:\/\/meermuziekindeklas-helmond.nl\/?page_id=95\">Read more<\/a><\/p>\n","protected":false},"author":1,"featured_media":0,"parent":0,"menu_order":0,"comment_status":"closed","ping_status":"closed","template":"","meta":{"footnotes":""},"class_list":["post-95","page","type-page","status-publish","hentry"],"_links":{"self":[{"href":"https:\/\/meermuziekindeklas-helmond.nl\/index.php?rest_route=\/wp\/v2\/pages\/95","targetHints":{"allow":["GET"]}}],"collection":[{"href":"https:\/\/meermuziekindeklas-helmond.nl\/index.php?rest_route=\/wp\/v2\/pages"}],"about":[{"href":"https:\/\/meermuziekindeklas-helmond.nl\/index.php?rest_route=\/wp\/v2\/types\/page"}],"author":[{"embeddable":true,"href":"https:\/\/meermuziekindeklas-helmond.nl\/index.php?rest_route=\/wp\/v2\/users\/1"}],"replies":[{"embeddable":true,"href":"https:\/\/meermuziekindeklas-helmond.nl\/index.php?rest_route=%2Fwp%2Fv2%2Fcomments&post=95"}],"version-history":[{"count":9,"href":"https:\/\/meermuziekindeklas-helmond.nl\/index.php?rest_route=\/wp\/v2\/pages\/95\/revisions"}],"predecessor-version":[{"id":393,"href":"https:\/\/meermuziekindeklas-helmond.nl\/index.php?rest_route=\/wp\/v2\/pages\/95\/revisions\/393"}],"wp:attachment":[{"href":"https:\/\/meermuziekindeklas-helmond.nl\/index.php?rest_route=%2Fwp%2Fv2%2Fmedia&parent=95"}],"curies":[{"name":"wp","href":"https:\/\/api.w.org\/{rel}","templated":true}]}}