{"id":19,"date":"2019-07-16T13:35:58","date_gmt":"2019-07-16T13:35:58","guid":{"rendered":"https:\/\/meermuziekindeklas-helmond.nl\/?page_id=19"},"modified":"2024-09-03T14:31:41","modified_gmt":"2024-09-03T14:31:41","slug":"mesmerize","status":"publish","type":"page","link":"https:\/\/meermuziekindeklas-helmond.nl\/","title":{"rendered":"Home"},"content":{"rendered":"<div  id=\"overlappable-2\" class=\"overlappable-7-mc content-section content-section-spacing\" style=\"background-color: #ffffff;\" data-label=\"Overlappable\" data-id=\"overlappable--2\" data-export-id=\"overlappable-7-mc\" data-category=\"overlappable\" data-overlap=\"true\">\n<div  class=\"gridContainer\">\n<div  class=\"row shadow\" data-type=\"row\">\n<div  class=\"col-xs-12 col-sm-6 col-padding-small col-padding-small-xs bg-color-white col-md-4 \">\n<div  class=\"text-center\">\n<div  class=\"col-xs-12 col-sm-fit space-bottom-small-xs\" data-preview-empty=\"1\"><\/div>\n<div  class=\"col-xs-12 col-sm\" data-type=\"column\">\n<h4  class=\"\">Scholen<\/h4>\n<a class=\"link\" href=\"#content-16\" target=\"_self\" rel=\"noopener noreferrer\" data-cp-link=\"1\">Wat betekent dit voor mij?<\/a>\n\n<\/div>\n<\/div>\n<\/div>\n<div  class=\"col-xs-12 col-sm-6 col-padding-small col-padding-small-xs bg-color-white col-md-4 \">\n<div  class=\"text-center\">\n<div  class=\"col-xs-12 col-sm-fit space-bottom-small-xs\" data-preview-empty=\"1\"><\/div>\n<div  class=\"col-xs-12 col-sm\" data-type=\"column\">\n<h4  class=\"\">Bedrijven<\/h4>\n<a class=\"link\" href=\"#content-17\" target=\"_self\" rel=\"noopener noreferrer\" data-cp-link=\"1\">Hoe kan ik dit initiatief steunen?<\/a>\n\n<\/div>\n<\/div>\n<\/div>\n<div  class=\"col-xs-12 col-sm-6 col-padding-small col-padding-small-xs bg-color-white col-md-4 \">\n<div  class=\"text-center\">\n<div  class=\"col-xs-12 col-sm-fit space-bottom-small-xs\" data-preview-empty=\"1\"><\/div>\n<div  class=\"col-xs-12 col-sm\" data-type=\"column\">\n<h4  class=\"\">Partners<\/h4>\n<a class=\"link\" href=\"#features-1\" target=\"_self\" rel=\"noopener noreferrer\" data-cp-link=\"1\">Wat kan ik bijdragen?<\/a>\n\n<\/div>\n<\/div>\n<\/div>\n<\/div>\n<\/div>\n<\/div><div  data-label=\"Counters\" data-id=\"counters--1\" data-export-id=\"counters-1\" data-category=\"counters\" class=\"counters-1 content-section content-section-spacing\" id=\"counters-1\" style=\"background-color: rgb(245, 250, 253);\"><div  class=\"gridContainer\"> <div  class=\"row text-center\"><div  class=\"section-title-col\" data-type=\"column\"> <h2  class=\"\" style=\"border-bottom-color: rgb(255, 192, 0);\">Stand van zaken<\/h2> <p  class=\"lead\">Een overzicht per juni 2024<\/p><\/div> <\/div> <div  class=\"row spaced-cols\" data-type=\"row\" data-fixed=\"true\"> <div  class=\"col-xs-12 col-sm-4 space-bottom-small col-padding-xs col-md-4\"><div  class=\"circle-counter color2\"> <svg  class=\"circle-svg\" viewBox=\"0 0 100 100\"><circle  r=\"48\" stroke-linecap=\"round\" cx=\"50\" cy=\"50\" fill=\"transparent\" stroke-dasharray=\"301.6\" stroke-dashoffset=\"301.6px\"><\/circle> <circle  class=\"circle-bar\" r=\"48\" stroke-linecap=\"round\" cx=\"50\" cy=\"50\" fill=\"transparent\" stroke-dasharray=\"301.6\" stroke-dashoffset=\"301.6px\" style=\"stroke-dashoffset: 301.592895px;\"><\/circle><\/svg> <div  class=\"circle-content\"><h2  class=\"font-100\" data-min=\"0\" data-max=\"100\" data-stop=\"100\" data-prefix=\"\" data-suffix=\"%\" data-countup=\"true\" data-duration=\"2000\" style=\"border-bottom-color: rgb(255, 192, 0);\"><\/h2> <p >Van de scholen heeft\n<br >een verkennend\n<br >gesprek gehad<\/p><\/div> <\/div><\/div><div  class=\"col-xs-12 col-sm-4 space-bottom-small col-padding-xs col-md-4\"><div  class=\"circle-counter color4\"> <svg  class=\"circle-svg\" viewBox=\"0 0 100 100\"><circle  r=\"48\" stroke-linecap=\"round\" cx=\"50\" cy=\"50\" fill=\"transparent\" stroke-dasharray=\"301.6\" stroke-dashoffset=\"301.6px\"><\/circle> <circle  class=\"circle-bar\" r=\"48\" stroke-linecap=\"round\" cx=\"50\" cy=\"50\" fill=\"transparent\" stroke-dasharray=\"301.6\" stroke-dashoffset=\"301.6px\" style=\"stroke-dashoffset: 301.592895px;\"><\/circle><\/svg> <div  class=\"circle-content\"><h2  class=\"font-100\" data-min=\"0\" data-max=\"100\" data-stop=\"100\" data-prefix=\"\" data-suffix=\"%\" data-countup=\"true\" data-duration=\"2000\" style=\"border-bottom-color: rgb(255, 192, 0);\"><\/h2> <p >Van de scholen \n<br >heeft een&nbsp;bijdrage \n<br >gekregen en is gestart<\/p><\/div> <\/div><\/div><div  class=\"col-xs-12 col-sm-4 space-bottom-small col-padding-xs col-md-4\"> <div  class=\"circle-counter color1\"> <svg  class=\"circle-svg\" viewBox=\"0 0 100 100\"> <circle  r=\"48\" stroke-linecap=\"round\" cx=\"50\" cy=\"50\" fill=\"transparent\" stroke-dasharray=\"301.6\" stroke-dashoffset=\"301.6px\"><\/circle> <circle  class=\"circle-bar\" r=\"48\" stroke-linecap=\"round\" cx=\"50\" cy=\"50\" fill=\"transparent\" stroke-dasharray=\"301.6\" stroke-dashoffset=\"301.6px\" style=\"stroke-dashoffset: 301.592895px;\"><\/circle><\/svg> <div  class=\"circle-content\"><h2  class=\"font-100\" data-min=\"0\" data-max=\"100\" data-stop=\"100\" data-prefix=\"\" data-suffix=\"%\" data-countup=\"true\" data-duration=\"2000\" style=\"border-bottom-color: rgb(255, 192, 0);\"><\/h2> <p >van de leerlingen is &nbsp;<br >daarmee bereikt<\/p><\/div> <\/div><\/div>   <\/div><\/div> <\/div><div  id=\"about-3\" class=\"about-1 content-section\" style=\"background-color: #f5fafd;\" data-label=\"About\" data-id=\"about--3\" data-export-id=\"about-1\" data-category=\"about\">\n<div  class=\"gridContainer\">\n<div  class=\"row text-center\">\n<div  class=\"section-title-col\" data-type=\"column\">\n<h2  class=\"\">Ambassadeur Meer Muziek in de Klas Helmond:<\/h2>\n<h2  class=\"\">Burgemeester Elly Blanksma<\/h2>\n<\/div>\n<\/div>\n<div  class=\"row\">\n<div  class=\"col-xs bottom-xs flexbox image-group-bottom-3-img space-bottom-xs center-xs\">\n\n\n\n<\/div>\n<\/div>\n<\/div>\n<\/div><div  id=\"latest_news-1\" class=\"blog-section blog-section-standard content-section content-section-spacing\" style=\"background-color: #f5fafd;\" data-label=\"Latest-news\" data-id=\"latest_news--1\" data-export-id=\"blog-section\" data-category=\"latest_news\">\n<div  class=\"gridContainer\">\n<div  class=\"row\">\n<div  class=\"section-title-col\" data-type=\"column\">\n<h2  class=\"\">Laatste Nieuws<\/h2>\n<\/div>\n<\/div>\n<div  class=\"row\">\n<div  data-type=\"row\" data-dynamic-columns=\"handled\" data-content-shortcode=\"mesmerize_latest_news\">\t\t<div class=\"row center-sm content-left-sm\">\n\t\t\t\t\t<div id=\"post-619\" class=\"col-sm-6 col-md-4 space-bottom space-bottom-xs\">\n\t\t\t\t<div class=\"post-content card y-move bordered\">\n\t\t\t\t\t<div class=\"post-thumbnail\">\n   <a href=\"https:\/\/meermuziekindeklas-helmond.nl\/?p=619\" class=\"post-list-item-thumb \">\n      <img loading=\"lazy\" decoding=\"async\" width=\"1024\" height=\"682\" src=\"https:\/\/meermuziekindeklas-helmond.nl\/wp-content\/uploads\/2026\/02\/Meer-muziek-in-de-klas-Cacaofabriek-05-11-2025-Foto-Dave-van-Hout-8790-1024x682.jpg\" class=\"attachment-post-thumbnail size-post-thumbnail wp-post-image\" alt=\"\" srcset=\"https:\/\/meermuziekindeklas-helmond.nl\/wp-content\/uploads\/2026\/02\/Meer-muziek-in-de-klas-Cacaofabriek-05-11-2025-Foto-Dave-van-Hout-8790-1024x682.jpg 1024w, https:\/\/meermuziekindeklas-helmond.nl\/wp-content\/uploads\/2026\/02\/Meer-muziek-in-de-klas-Cacaofabriek-05-11-2025-Foto-Dave-van-Hout-8790-300x200.jpg 300w, https:\/\/meermuziekindeklas-helmond.nl\/wp-content\/uploads\/2026\/02\/Meer-muziek-in-de-klas-Cacaofabriek-05-11-2025-Foto-Dave-van-Hout-8790-768x512.jpg 768w, https:\/\/meermuziekindeklas-helmond.nl\/wp-content\/uploads\/2026\/02\/Meer-muziek-in-de-klas-Cacaofabriek-05-11-2025-Foto-Dave-van-Hout-8790-1536x1024.jpg 1536w, https:\/\/meermuziekindeklas-helmond.nl\/wp-content\/uploads\/2026\/02\/Meer-muziek-in-de-klas-Cacaofabriek-05-11-2025-Foto-Dave-van-Hout-8790-1620x1080.jpg 1620w, https:\/\/meermuziekindeklas-helmond.nl\/wp-content\/uploads\/2026\/02\/Meer-muziek-in-de-klas-Cacaofabriek-05-11-2025-Foto-Dave-van-Hout-8790.jpg 2000w\" sizes=\"auto, (max-width: 1024px) 100vw, 1024px\" \/>   <\/a>\n<\/div>\n\t\t\t\t\t<div class=\"col-padding col-padding-xs\">\n\t\t\t\t\t\t<h3 class=\"post-title space-bottom-small\">\n\t\t\t\t\t\t\t<a href=\"https:\/\/meermuziekindeklas-helmond.nl\/?p=619\" rel=\"bookmark\">\n\t\t\t\t\t\t\t\tMuziektafel XL 2025 &#8216;Jij maakt het verschil&#8217;\t\t\t\t\t\t\t<\/a>\n\t\t\t\t\t\t<\/h3>\n\t\t\t\t\t\t<p>5 november 2025 werd de 3e Muziektafel XL geopend met een indrukwekkend optreden van leerlingen van KC Dierdonk onder de enthousiaste leiding van muziekvakdocent Petra Schoonenboom. Na slechts drie repetities[&hellip;]<\/p>\n\t\t\t\t\t\t<a class=\"read-more link\" href=\"https:\/\/meermuziekindeklas-helmond.nl\/?p=619\">\n\t\t\t\t\t\t\tRead more\t\t\t\t\t\t<\/a>\n\t\t\t\t\t<\/div>\n\t\t\t\t<\/div>\n\t\t\t<\/div>\n\t\t\t\t\t\t<div id=\"post-608\" class=\"col-sm-6 col-md-4 space-bottom space-bottom-xs\">\n\t\t\t\t<div class=\"post-content card y-move bordered\">\n\t\t\t\t\t<div class=\"post-thumbnail\">\n   <a href=\"https:\/\/meermuziekindeklas-helmond.nl\/?p=608\" class=\"post-list-item-thumb \">\n      <img loading=\"lazy\" decoding=\"async\" width=\"1024\" height=\"718\" src=\"https:\/\/meermuziekindeklas-helmond.nl\/wp-content\/uploads\/2025\/01\/WhatsApp-Image-2024-11-12-at-14.51.24-1024x718.jpeg\" class=\"attachment-post-thumbnail size-post-thumbnail wp-post-image\" alt=\"\" srcset=\"https:\/\/meermuziekindeklas-helmond.nl\/wp-content\/uploads\/2025\/01\/WhatsApp-Image-2024-11-12-at-14.51.24-1024x718.jpeg 1024w, https:\/\/meermuziekindeklas-helmond.nl\/wp-content\/uploads\/2025\/01\/WhatsApp-Image-2024-11-12-at-14.51.24-300x210.jpeg 300w, https:\/\/meermuziekindeklas-helmond.nl\/wp-content\/uploads\/2025\/01\/WhatsApp-Image-2024-11-12-at-14.51.24-768x539.jpeg 768w, https:\/\/meermuziekindeklas-helmond.nl\/wp-content\/uploads\/2025\/01\/WhatsApp-Image-2024-11-12-at-14.51.24.jpeg 1280w\" sizes=\"auto, (max-width: 1024px) 100vw, 1024px\" \/>   <\/a>\n<\/div>\n\t\t\t\t\t<div class=\"col-padding col-padding-xs\">\n\t\t\t\t\t\t<h3 class=\"post-title space-bottom-small\">\n\t\t\t\t\t\t\t<a href=\"https:\/\/meermuziekindeklas-helmond.nl\/?p=608\" rel=\"bookmark\">\n\t\t\t\t\t\t\t\tM\u00e9\u00e9r Muziek in de Klas Bokaal voor Stichting M\u00e9\u00e9r Muziek in de Klas Helmond\t\t\t\t\t\t\t<\/a>\n\t\t\t\t\t\t<\/h3>\n\t\t\t\t\t\t<p>Als waardering voor het bouwen aan structureel onderwijs de afgelopen vijf jaar, heeft onze Stichting de M\u00e9\u00e9r Muziek in de Klas Bokaal ontvangen. We zijn ontzettend blij met deze waardering.[&hellip;]<\/p>\n\t\t\t\t\t\t<a class=\"read-more link\" href=\"https:\/\/meermuziekindeklas-helmond.nl\/?p=608\">\n\t\t\t\t\t\t\tRead more\t\t\t\t\t\t<\/a>\n\t\t\t\t\t<\/div>\n\t\t\t\t<\/div>\n\t\t\t<\/div>\n\t\t\t\t\t\t<div id=\"post-601\" class=\"col-sm-6 col-md-4 space-bottom space-bottom-xs\">\n\t\t\t\t<div class=\"post-content card y-move bordered\">\n\t\t\t\t\t<div class=\"post-thumbnail\">\n   <a href=\"https:\/\/meermuziekindeklas-helmond.nl\/?p=601\" class=\"post-list-item-thumb \">\n      <img loading=\"lazy\" decoding=\"async\" width=\"960\" height=\"768\" src=\"https:\/\/meermuziekindeklas-helmond.nl\/wp-content\/uploads\/2024\/09\/Muziekdocenten.jpg\" class=\"attachment-post-thumbnail size-post-thumbnail wp-post-image\" alt=\"\" srcset=\"https:\/\/meermuziekindeklas-helmond.nl\/wp-content\/uploads\/2024\/09\/Muziekdocenten.jpg 960w, https:\/\/meermuziekindeklas-helmond.nl\/wp-content\/uploads\/2024\/09\/Muziekdocenten-300x240.jpg 300w, https:\/\/meermuziekindeklas-helmond.nl\/wp-content\/uploads\/2024\/09\/Muziekdocenten-768x614.jpg 768w\" sizes=\"auto, (max-width: 960px) 100vw, 960px\" \/>   <\/a>\n<\/div>\n\t\t\t\t\t<div class=\"col-padding col-padding-xs\">\n\t\t\t\t\t\t<h3 class=\"post-title space-bottom-small\">\n\t\t\t\t\t\t\t<a href=\"https:\/\/meermuziekindeklas-helmond.nl\/?p=601\" rel=\"bookmark\">\n\t\t\t\t\t\t\t\tMuziektoppers de klas in!\t\t\t\t\t\t\t<\/a>\n\t\t\t\t\t\t<\/h3>\n\t\t\t\t\t\t<p>Dit zijn ze dan! Het muziekteam met 14 toppers die met M\u00e9\u00e9r Muziek in de Klas de Helmondse scholen ingaan. Alle kinderen van de groepen 5 en 6 krijgen de[&hellip;]<\/p>\n\t\t\t\t\t\t<a class=\"read-more link\" href=\"https:\/\/meermuziekindeklas-helmond.nl\/?p=601\">\n\t\t\t\t\t\t\tRead more\t\t\t\t\t\t<\/a>\n\t\t\t\t\t<\/div>\n\t\t\t\t<\/div>\n\t\t\t<\/div>\n\t\t\t\t<\/div>\n\t<\/div>\n<\/div>\n<div  class=\"row\">\n<div  class=\"text-center\"><a  class=\"button color1\" href=\"https:\/\/meermuziekindeklas-helmond.nl\/?page_id=20\" data-attr-shortcode=\"href:mesmerize_blog_link\">Meer nieuws<\/a><\/div>\n<\/div>\n<\/div>\n<\/div><div  data-label=\"About\" data-id=\"about--4\" data-export-id=\"about-10\" data-category=\"about\" class=\"about-10 content-section content-section-spacing\" id=\"about-4\" style=\"background-color: rgb(245, 250, 253);\"><div  class=\"gridContainer\"> <div  class=\"row middle-sm text-center\"><div  class=\"col-sm-5 space-bottom-xs content-column\" data-type=\"column\">  <h2  class=\"\">De TechniekMuziekKoffer onderbouw (groep 1, 2 en 3)<\/h2> <p  class=\"\">De M\u00e9\u00e9r Muziek in de Klas TechniekMuziekKoffer is een prikkelend instrument dat op elke Helmondse school ingezet kan worden. Muziek en techniek vallen mooi samen in de bijgeleverde opdrachten en materialen. Door deze koffer worden er bij elke leerling op school de 21e eeuwse vaardigheden gestimuleerd en ontwikkeld. Met plezier bouwen, componeren, samenwerken, luisteren, spelen en ontdekken, dat wil toch elk kind!<\/p> <a class=\"button color1\" href=\"https:\/\/meermuziekindeklas-helmond.nl?page_id=503\" target=\"_self\" data-cp-link=\"1\" rel=\"noopener\">Lees meer<\/a><\/div> <div  class=\"col-sm-7 flexbox middle-xs center-xs space-bottom-xs\"><div  class=\"overlay-box middle-xs center-xs flexbox\"> <div  class=\"overlay-box-offset offset-border shadow-medium border-color1 hide-xs\"><\/div> <img  decoding=\"async\" class=\"shadow-large\" data-size=\"485x705\" src=\"https:\/\/meermuziekindeklas-helmond.nl\/wp-content\/uploads\/2022\/09\/cropped-Promofoto-koffer-1.jpg\" title=\"cropped-Promofoto-koffer-1.jpg\" alt=\"\"><\/div> <\/div><\/div> <\/div><\/div><div  id=\"about-2\" class=\"about-9 content-section content-section-spacing\" style=\"background-color: #f5fafd;\" data-label=\"About\" data-id=\"about--2\" data-export-id=\"about-9\" data-category=\"about\">\n<div  class=\"gridContainer\">\n<div  class=\"row middle-sm text-center\">\n<div  class=\"col-sm-5 space-bottom-xs content-column content-right-sm\" data-type=\"column\">\n<h2  class=\"\">Structureel muziekonderwijs\n<span  style=\"font-family: Playfair Display,sans-serif; font-weight: bold; font-style: italic;\">voor alle Helmondse basisschoolkinderen&nbsp;<\/span>vanaf 2020<\/h2>\n<h5  class=\"\">Wat is Meer Muziek in de Klas Helmond?<\/h5>\n<p  class=\"\">Het doel van dit project is een blijvende ontwikkeling te initi\u00ebren en te co\u00f6rdineren waarmee muziekonderwijs structureel en blijvend wordt ingebed in het curriculum van het basisonderwijs.\nEen eerste stap hierin, is het ondertekenen van een muziekakkoord op 20 november 2019 door alle Helmondse basisscholen en andere culturele partners, waarna per basisschool deelplannen worden opgesteld en uitgevoerd, iedere school in eigen tempo en naar eigen behoefte.<\/p>\n<a class=\"button color1\" href=\"https:\/\/meermuziekindeklas-helmond.nl?page_id=118\" target=\"_self\" rel=\"noopener noreferrer\" data-cp-link=\"1\">Lees meer<\/a>\n\n<\/div>\n<div  class=\"col-sm-7 flexbox flexbox middle-xs center-xs space-bottom-xs\">\n<div  class=\"overlay-box flexbox middle-xs center-xs overlay-holder \">\n<div  class=\"overlay-box-offset offset-background shadow-medium bg-color2 hide-xs\"><\/div>\n<img  decoding=\"async\" class=\"flexbox shadow-large img1\" title=\"634_400_DSC_3887\" src=\"https:\/\/meermuziekindeklas-helmond.nl\/wp-content\/uploads\/2019\/07\/634_400_DSC_3887.jpg\" alt=\"\" data-size=\"600x400\">\n\n<\/div>\n<\/div>\n<\/div>\n<\/div>\n<\/div><div  id=\"content-16\" class=\"content-12 content-section content-section-spacing\" style=\"background-color: #f5fafd;\" data-label=\"Content\" data-id=\"content--2\" data-export-id=\"content-12\" data-category=\"content\">\n<div  class=\"gridContainer\">\n<div  class=\"row text-center\">\n<div  class=\"section-title-col\" data-type=\"column\"><\/div>\n<\/div>\n<div  class=\"row center-xs middle-xs\">\n<div  class=\"col-sm-9\" data-type=\"column\"><\/div>\n<\/div>\n<\/div>\n<\/div><div  id=\"content-13\" class=\"content-2 content-section content-section-spacing\" style=\"background-color: #ffffff;\" data-label=\"Content\" data-id=\"content-2\" data-export-id=\"content-2\" data-category=\"content\">\n<div  class=\"row middle-xs\">\n<div  class=\"col-sm-5 bg-image shadow-large-black\" style=\"background-image: url('https:\/\/meermuziekindeklas-helmond.nl\/wp-content\/uploads\/2019\/07\/3000_1448_Meer-Muziek-in-de-Klas-111.jpg');\" data-bg=\"image\"><\/div>\n<div  class=\"col-sm-7 full-col-left-padding full-col-right-padding\">\n<div  class=\"row\">\n<div  class=\"space-bottom-small content-title-col content-left-sm\" data-type=\"column\">\n<h2  class=\"\" style=\"border-bottom-color: #f00f0f;\">Scholen<\/h2>\n<h5  class=\"\">Wat betekent dit voor mij?<\/h5>\n<p  class=\"\">Muziekonderwijs krijgt vanaf 2021 een prominentere plek in het curriculum. Hiermee krijgen alle leerlingen meer muziek in de klas. We hebben de eerste stap hiervoor gezet op 20 november 2019, toen het muziekakkoord door alle <span  class=\"SpellE\">Helmondse<\/span> basisscholen en andere culturele partners is getekend. Momenteel zijn de gesprekken op basisscholen in volle gang over de wensen en ambities van het muziekonderwijs op ieders school. Er zijn al scholen gestart met het uitvoeren van hun plannen.<\/p>\n\n<\/div>\n<\/div>\n<div  class=\"row spaced-cols \" data-type=\"row\">\n<div  class=\"col-xs-6\" data-type=\"column\"><a class=\"button blue\" href=\"https:\/\/meermuziekindeklas-helmond.nl?page_id=95\" target=\"_self\" rel=\"noopener noreferrer\" data-cp-link=\"1\">Lees meer<\/a><\/div>\n<\/div>\n<\/div>\n<\/div>\n<\/div><div  id=\"content-17\" class=\"content-8 content-section content-section-spacing\" style=\"background-color: #f5fafd;\" data-label=\"Content\" data-id=\"content--3\" data-export-id=\"content-8\" data-category=\"content\">\n<div  class=\"gridContainer\">\n<div  class=\"row middle-sm\">\n<div  class=\"col-sm-6 space-bottom-xs space-top-xs\" data-type=\"column\"><\/div>\n<div  class=\"col-sm-6\" data-type=\"column\"><\/div>\n<\/div>\n<\/div>\n<\/div><div  id=\"content-14\" class=\"content-3 content-section content-section-spacing\" style=\"background-color: #f5fafd;\" data-label=\"Content\" data-id=\"content-3\" data-export-id=\"content-3\" data-category=\"content\">\n<div >\n<div  class=\"row middle-xs\">\n<div  class=\"col-sm-7 full-col-left-padding full-col-right-padding\">\n<div  class=\"row\">\n<div  class=\"space-bottom-small content-title-col content-right-sm\" data-type=\"column\">\n<h2  class=\"\" style=\"border-bottom-color: #f00f0f;\">Bedrijven<\/h2>\n<h5  class=\"\">Hoe kan ik dit initiatief steunen?<\/h5>\n<p  class=\"\">Om dit initiatief voor een langere periode mogelijk te maken, is een bijdrage uit het bedrijfsleven onontbeerlijk.<\/p>\nEr wordt een fonds gevormd waarin de bijdragen worden verzameld. Scholen kunnen vervolgens een beroep op dit fonds doen ter ondersteuning van hun plannen.\nEen bijdrage voor een specifiek doel is ook mogelijk!\nIndien u meer informatie wenst, of een eenmalige of jaarlijkse bijdrage wilt doen, neem dan contact met ons op via <a  class=\"\" href=\"mailto: info@meermuziekindeklas-helmond.nl\">info @ meermuziekindeklas-helmond.nl<\/a>\n\n<\/div>\n<\/div>\n<div  class=\"row spaced-cols end-sm\" data-type=\"row\">\n<div  class=\"col-xs-6\" data-type=\"column\"><a class=\"button blue\" href=\"https:\/\/meermuziekindeklas-helmond.nl?page_id=99\" target=\"_self\" rel=\"noopener noreferrer\" data-cp-link=\"1\">Lees meer<\/a><\/div>\n<\/div>\n<\/div>\n<div  class=\"col-sm-5 bg-image shadow-large-black revert-classes-holder\" data-bg=\"image\"><\/div>\n<\/div>\n<\/div>\n<\/div><div  id=\"features-1\" class=\"features-12 content-section content-section-spacing \" style=\"background-color: #f5fafd;\" data-label=\"Features\" data-id=\"features--1\" data-export-id=\"features-12\" data-category=\"features\">\n<div  class=\"gridContainer\">\n<div  class=\"row text-center\">\n<div  class=\"section-title-col\" data-type=\"column\"><\/div>\n<\/div>\n<div  class=\"row spaced-cols\" data-type=\"row\">\n<div  class=\"col-sm-6\">\n<div  class=\"row space-bottom\">\n<div  class=\"col-sm-fit icon-column\" data-preview-empty=\"1\"><\/div>\n<div  class=\"col-sm\" data-type=\"column\"><\/div>\n<\/div>\n<\/div>\n<\/div>\n<\/div>\n<\/div><div  id=\"content-15\" class=\"content-7 content-section content-section-spacing\" style=\"background-color: #ffffff;\" data-label=\"Content\" data-id=\"content--1\" data-export-id=\"content-7\" data-category=\"content\">\n<div  class=\"gridContainer\">\n<div  class=\"row middle-sm\">\n<div  class=\"col-sm-6 space-bottom-xs\" data-type=\"column\">\n<h2  class=\"\" style=\"border-bottom-color: #f00f0f;\">Partners<\/h2>\n<h5  class=\"\">Wat kan ik bijdragen?<\/h5>\n<p  class=\"\">Word partner van Meer Muziek in de Klas en draag je steentje bij. Er zijn vele manieren om bij te dragen aan dit initiatief. Geld is er een, maar ook door bijvoorbeeld het beschikbaar stellen van instrumenten voor uitleen, het beschikbaar stellen van uren voor ondersteuning bij project en nog veel meer!<\/p>\nNeem contact met ons op via <a  class=\"\" href=\"mailto: info@meermuziekindeklas-helmond.nl\">info @ meermuziekindeklas-helmond.nl<\/a>\n\n<a class=\"button blue\" href=\"https:\/\/meermuziekindeklas-helmond.nl?page_id=97\" target=\"_self\" rel=\"noopener noreferrer\" data-cp-link=\"1\">Lees meer<\/a>\n\n<\/div>\n<div  class=\"col-sm-6\" data-type=\"column\"><img  decoding=\"async\" class=\"shadow-large\" title=\"harmonieorkest\" src=\"https:\/\/meermuziekindeklas-helmond.nl\/wp-content\/uploads\/2019\/07\/harmonieorkest.jpg\" alt=\"\"><\/div>\n<\/div>\n<\/div>\n<\/div>","protected":false},"excerpt":{"rendered":"<p>Scholen Wat betekent dit voor mij? Bedrijven Hoe kan ik dit initiatief steunen? Partners Wat kan ik bijdragen? Stand van zaken Een overzicht per juni 2024 Van de scholen heeft een verkennend gesprek gehad Van de scholen heeft een&nbsp;bijdrage gekregen en is gestart van de leerlingen is &nbsp;daarmee bereikt Ambassadeur Meer Muziek in de Klas&hellip; <br \/> <a class=\"read-more\" href=\"https:\/\/meermuziekindeklas-helmond.nl\/?p=601\">Read more<\/a><\/p>\n","protected":false},"author":1,"featured_media":0,"parent":0,"menu_order":0,"comment_status":"closed","ping_status":"closed","template":"page-templates\/homepage.php","meta":{"footnotes":""},"class_list":["post-19","page","type-page","status-publish","hentry"],"_links":{"self":[{"href":"https:\/\/meermuziekindeklas-helmond.nl\/index.php?rest_route=\/wp\/v2\/pages\/19","targetHints":{"allow":["GET"]}}],"collection":[{"href":"https:\/\/meermuziekindeklas-helmond.nl\/index.php?rest_route=\/wp\/v2\/pages"}],"about":[{"href":"https:\/\/meermuziekindeklas-helmond.nl\/index.php?rest_route=\/wp\/v2\/types\/page"}],"author":[{"embeddable":true,"href":"https:\/\/meermuziekindeklas-helmond.nl\/index.php?rest_route=\/wp\/v2\/users\/1"}],"replies":[{"embeddable":true,"href":"https:\/\/meermuziekindeklas-helmond.nl\/index.php?rest_route=%2Fwp%2Fv2%2Fcomments&post=19"}],"version-history":[{"count":76,"href":"https:\/\/meermuziekindeklas-helmond.nl\/index.php?rest_route=\/wp\/v2\/pages\/19\/revisions"}],"predecessor-version":[{"id":605,"href":"https:\/\/meermuziekindeklas-helmond.nl\/index.php?rest_route=\/wp\/v2\/pages\/19\/revisions\/605"}],"wp:attachment":[{"href":"https:\/\/meermuziekindeklas-helmond.nl\/index.php?rest_route=%2Fwp%2Fv2%2Fmedia&parent=19"}],"curies":[{"name":"wp","href":"https:\/\/api.w.org\/{rel}","templated":true}]}}